{"id":1495,"date":"2021-07-07T10:14:20","date_gmt":"2021-07-07T10:14:20","guid":{"rendered":"http:\/\/kuetoeskola.com\/servicios\/administrazioa\/"},"modified":"2025-09-11T09:38:45","modified_gmt":"2025-09-11T09:38:45","slug":"administracion","status":"publish","type":"page","link":"https:\/\/kuetoeskola.com\/es\/servicios\/administracion\/","title":{"rendered":"Administraci\u00f3n"},"content":{"rendered":"<div class=\"wpb-content-wrapper\">[vc_row][vc_column][\/vc_column][\/vc_row][vc_row column_spacing=\u00bb50&#8243;][vc_column width=\u00bb3\/4&#8243;][vc_column_text css_animation=\u00bbfadeInDown\u00bb css=\u00bb.vc_custom_1626949650836{margin-top: 8px !important;}\u00bb]\n<h4 style=\"font-family: desyrelregular; font-weight: 400; font-size: 40px; text-align: left;\"><img loading=\"lazy\" decoding=\"async\" class=\"wp-image-901 alignleft\" style=\"margin: -10px 10px 10px 0;\" src=\"http:\/\/kuetoeskola.com\/wp-content\/uploads\/2021\/07\/ico-administra-gr.png\" alt=\"\" width=\"60\" height=\"60\" \/><span style=\"letter-spacing: 0px;\"> Administraci\u00f3n <\/span><\/h4>\n[\/vc_column_text][vc_empty_space][vc_column_text css_animation=\u00bbfadeInDown\u00bb css=\u00bb.vc_custom_1757583522498{margin-top: 9px !important;padding-top: 25px !important;padding-right: 25px !important;padding-bottom: 25px !important;padding-left: 25px !important;background-color: #ffffff !important;}\u00bb color=\u00bb#000000&#8243;]<img loading=\"lazy\" decoding=\"async\" class=\"aligncenter wp-image-2517\" src=\"http:\/\/kuetoeskola.com\/wp-content\/uploads\/2022\/05\/presenta_12.jpg\" alt=\"\" width=\"750\" height=\"500\" \/><\/p>\n<p style=\"text-align: justify;\">Para cualquier tr\u00e1mite administrativo os ten\u00e9is que dirigir a la Secretar\u00eda del Centro. Si no pod\u00e9is dirigiros en persona ten\u00e9is que dejar una nota a la Secretaria con vuestro n\u00famero de tel\u00e9fono y ella os citar\u00e1 en otro momento.<\/p>\n<p><strong>HORARIO:<\/strong><\/p>\n<ul>\n<li>Lunes, martes, mi\u00e9rcoles, jueves y viernes: de 09:15 a 10:30.<\/li>\n<\/ul>\n<p><strong>TEL\u00c9FONO:<\/strong> 944954076<\/p>\n<p><strong>CORREO ELECTR\u00d3NICO:<\/strong> 014432aa@hezkuntza.net[\/vc_column_text][vc_empty_space height=\u00bb50px\u00bb][\/vc_column][vc_column width=\u00bb1\/4&#8243;]<div class=\"ult_row_spacer\"><div class=\"ult-sticky-anchor\"><div class=\"ult-sticky-section ult-sticky \"  data-gutter= '75' data-stick_behaviour= 'stick_with_scroll_row'  data-sticky_position= 'top' data-mobile='no' data-support='no'>[vc_empty_space height=\u00bb27px\u00bb][vc_row_inner css=\u00bb.vc_custom_1625126701520{margin-top: 62px !important;}\u00bb][vc_column_inner css=\u00bb.vc_custom_1625653546038{padding-right: 0px !important;padding-bottom: 0px !important;padding-left: 0px !important;background-color: #e2bfdc !important;}\u00bb][vc_column_text css_animation=\u00bbfadeInDown\u00bb css=\u00bb.vc_custom_1625652839803{margin-top: -62px !important;}\u00bb]<img loading=\"lazy\" decoding=\"async\" class=\"aligncenter wp-image-887\" src=\"http:\/\/kuetoeskola.com\/wp-content\/uploads\/2021\/07\/ico-zerbitzuak-gr.png\" alt=\"\" width=\"97\" height=\"98\" \/>[\/vc_column_text][vc_empty_space height=\u00bb10px\u00bb][vc_column_text css_animation=\u00bbfadeInDown\u00bb css=\u00bb.vc_custom_1626949756494{margin-top: -5px !important;}\u00bb]\n<h4 style=\"font-family: desyrelregular; font-weight: 400; font-size: 39px; text-align: center; white-space: nowrap;\">Servicios<\/h4>\n[\/vc_column_text][vc_empty_space height=\u00bb10px\u00bb][vc_column_text css_animation=\u00bbfadeInDown\u00bb]<div id=\"mega-menu-wrap-max_mega_menu_5\" class=\"mega-menu-wrap\"><div class=\"mega-menu-toggle\"><div class=\"mega-toggle-blocks-left\"><\/div><div class=\"mega-toggle-blocks-center\"><\/div><div class=\"mega-toggle-blocks-right\"><div class='mega-toggle-block mega-menu-toggle-animated-block mega-toggle-block-0' id='mega-toggle-block-0'><button aria-label=\"Toggle Menu\" class=\"mega-toggle-animated mega-toggle-animated-slider\" type=\"button\" aria-expanded=\"false\">\n                  <span class=\"mega-toggle-animated-box\">\n                    <span class=\"mega-toggle-animated-inner\"><\/span>\n                  <\/span>\n                <\/button><\/div><\/div><\/div><ul id=\"mega-menu-max_mega_menu_5\" class=\"mega-menu max-mega-menu mega-menu-vertical mega-no-js\" data-event=\"hover_intent\" data-effect=\"fade_up\" data-effect-speed=\"200\" data-effect-mobile=\"disabled\" data-effect-speed-mobile=\"0\" data-mobile-force-width=\"false\" data-second-click=\"go\" data-document-click=\"collapse\" data-vertical-behaviour=\"standard\" data-breakpoint=\"0\" data-unbind=\"true\" data-mobile-state=\"collapse_all\" data-mobile-direction=\"vertical\" data-hover-intent-timeout=\"300\" data-hover-intent-interval=\"100\"><li class=\"mega-menu-item mega-menu-item-type-post_type mega-menu-item-object-page mega-align-bottom-left mega-menu-flyout mega-has-icon mega-icon-left mega-menu-item-894\" id=\"mega-menu-item-894\"><a class=\"mega-custom-icon mega-menu-link\" href=\"https:\/\/kuetoeskola.com\/zerbitzuak\/administrazioa\/\" tabindex=\"0\">Administrazioa<\/a><\/li><li class=\"mega-menu-item mega-menu-item-type-post_type mega-menu-item-object-page mega-align-bottom-left mega-menu-flyout mega-has-icon mega-icon-left mega-menu-item-908\" id=\"mega-menu-item-908\"><a class=\"mega-custom-icon mega-menu-link\" href=\"https:\/\/kuetoeskola.com\/zerbitzuak\/jantokia\/\" tabindex=\"0\">Jantokia<\/a><\/li><li class=\"mega-menu-item mega-menu-item-type-post_type mega-menu-item-object-page mega-align-bottom-left mega-menu-flyout mega-has-icon mega-icon-left mega-menu-item-917\" id=\"mega-menu-item-917\"><a class=\"mega-custom-icon mega-menu-link\" href=\"https:\/\/kuetoeskola.com\/zerbitzuak\/aholkularitza\/\" tabindex=\"0\">Aholkularitza<\/a><\/li><li class=\"mega-menu-item mega-menu-item-type-post_type mega-menu-item-object-page mega-align-bottom-left mega-menu-flyout mega-has-icon mega-icon-left mega-menu-item-924\" id=\"mega-menu-item-924\"><a class=\"mega-custom-icon mega-menu-link\" href=\"https:\/\/kuetoeskola.com\/zerbitzuak\/goizeko-zaintza\/\" tabindex=\"0\">Goizeko zaintza<\/a><\/li><\/ul><\/div>[\/vc_column_text][\/vc_column_inner][\/vc_row_inner][vc_empty_space height=\u00bb5px\u00bb]<\/div><div class=\"ult-space\"><\/div><\/div><\/div>[\/vc_column][\/vc_row]\n<\/div>","protected":false},"excerpt":{"rendered":"<p>[vc_row][vc_column][\/vc_column][\/vc_row][vc_row column_spacing=\u00bb50&#8243;][vc_column width=\u00bb3\/4&#8243;][vc_column_text css_animation=\u00bbfadeInDown\u00bb css=\u00bb.vc_custom_1626949650836{margin-top: 8px !important;}\u00bb] Administraci\u00f3n [\/vc_column_text][vc_empty_space][vc_column_text css_animation=\u00bbfadeInDown\u00bb css=\u00bb.vc_custom_1757583522498{margin-top: 9px !important;padding-top: 25px !important;padding-right: 25px !important;padding-bottom: 25px !important;padding-left: 25px !important;background-color: #ffffff !important;}\u00bb color=\u00bb#000000&#8243;] Para cualquier tr\u00e1mite administrativo os ten\u00e9is que dirigir a la Secretar\u00eda del Centro. Si no pod\u00e9is&hellip;<\/p>\n","protected":false},"author":1,"featured_media":0,"parent":1492,"menu_order":0,"comment_status":"closed","ping_status":"closed","template":"","meta":{"_acf_changed":false,"footnotes":""},"class_list":["post-1495","page","type-page","status-publish","hentry","entry","no-media"],"acf":[],"yoast_head":"<!-- This site is optimized with the Yoast SEO plugin v27.1.1 - https:\/\/yoast.com\/product\/yoast-seo-wordpress\/ -->\n<title>Administraci\u00f3n - Kueto Eskola - Haur eta Lehen Hezkuntza<\/title>\n<meta name=\"robots\" content=\"index, follow, max-snippet:-1, max-image-preview:large, max-video-preview:-1\" \/>\n<link rel=\"canonical\" href=\"https:\/\/kuetoeskola.com\/es\/servicios\/administracion\/\" \/>\n<meta property=\"og:locale\" content=\"es_ES\" \/>\n<meta property=\"og:type\" content=\"article\" \/>\n<meta property=\"og:title\" content=\"Administraci\u00f3n - Kueto Eskola - Haur eta Lehen Hezkuntza\" \/>\n<meta property=\"og:description\" content=\"[vc_row][vc_column][\/vc_column][\/vc_row][vc_row column_spacing=\u00bb50&#8243;][vc_column width=\u00bb3\/4&#8243;][vc_column_text css_animation=\u00bbfadeInDown\u00bb css=\u00bb.vc_custom_1626949650836{margin-top: 8px !important;}\u00bb] Administraci\u00f3n [\/vc_column_text][vc_empty_space][vc_column_text css_animation=\u00bbfadeInDown\u00bb css=\u00bb.vc_custom_1757583522498{margin-top: 9px !important;padding-top: 25px !important;padding-right: 25px !important;padding-bottom: 25px !important;padding-left: 25px !important;background-color: #ffffff !important;}\u00bb color=\u00bb#000000&#8243;] Para cualquier tr\u00e1mite administrativo os ten\u00e9is que dirigir a la Secretar\u00eda del Centro. Si no pod\u00e9is&hellip;\" \/>\n<meta property=\"og:url\" content=\"https:\/\/kuetoeskola.com\/es\/servicios\/administracion\/\" \/>\n<meta property=\"og:site_name\" content=\"Kueto Eskola - Haur eta Lehen Hezkuntza\" \/>\n<meta property=\"article:modified_time\" content=\"2025-09-11T09:38:45+00:00\" \/>\n<meta property=\"og:image\" content=\"https:\/\/kuetoeskola.com\/wp-content\/uploads\/2021\/07\/ico-administra-gr.png\" \/>\n\t<meta property=\"og:image:width\" content=\"194\" \/>\n\t<meta property=\"og:image:height\" content=\"195\" \/>\n\t<meta property=\"og:image:type\" content=\"image\/png\" \/>\n<meta name=\"twitter:card\" content=\"summary_large_image\" \/>\n<meta name=\"twitter:label1\" content=\"Tiempo de lectura\" \/>\n\t<meta name=\"twitter:data1\" content=\"2 minutos\" \/>\n<script type=\"application\/ld+json\" class=\"yoast-schema-graph\">{\"@context\":\"https:\/\/schema.org\",\"@graph\":[{\"@type\":\"WebPage\",\"@id\":\"https:\/\/kuetoeskola.com\/es\/servicios\/administracion\/\",\"url\":\"https:\/\/kuetoeskola.com\/es\/servicios\/administracion\/\",\"name\":\"Administraci\u00f3n - Kueto Eskola - Haur eta Lehen Hezkuntza\",\"isPartOf\":{\"@id\":\"https:\/\/kuetoeskola.com\/#website\"},\"primaryImageOfPage\":{\"@id\":\"https:\/\/kuetoeskola.com\/es\/servicios\/administracion\/#primaryimage\"},\"image\":{\"@id\":\"https:\/\/kuetoeskola.com\/es\/servicios\/administracion\/#primaryimage\"},\"thumbnailUrl\":\"http:\/\/kuetoeskola.com\/wp-content\/uploads\/2021\/07\/ico-administra-gr.png\",\"datePublished\":\"2021-07-07T10:14:20+00:00\",\"dateModified\":\"2025-09-11T09:38:45+00:00\",\"breadcrumb\":{\"@id\":\"https:\/\/kuetoeskola.com\/es\/servicios\/administracion\/#breadcrumb\"},\"inLanguage\":\"es\",\"potentialAction\":[{\"@type\":\"ReadAction\",\"target\":[\"https:\/\/kuetoeskola.com\/es\/servicios\/administracion\/\"]}]},{\"@type\":\"ImageObject\",\"inLanguage\":\"es\",\"@id\":\"https:\/\/kuetoeskola.com\/es\/servicios\/administracion\/#primaryimage\",\"url\":\"http:\/\/kuetoeskola.com\/wp-content\/uploads\/2021\/07\/ico-administra-gr.png\",\"contentUrl\":\"http:\/\/kuetoeskola.com\/wp-content\/uploads\/2021\/07\/ico-administra-gr.png\"},{\"@type\":\"BreadcrumbList\",\"@id\":\"https:\/\/kuetoeskola.com\/es\/servicios\/administracion\/#breadcrumb\",\"itemListElement\":[{\"@type\":\"ListItem\",\"position\":1,\"name\":\"Portada\",\"item\":\"https:\/\/kuetoeskola.com\/es\/\"},{\"@type\":\"ListItem\",\"position\":2,\"name\":\"Servicios\",\"item\":\"https:\/\/kuetoeskola.com\/es\/servicios\/\"},{\"@type\":\"ListItem\",\"position\":3,\"name\":\"Administraci\u00f3n\"}]},{\"@type\":\"WebSite\",\"@id\":\"https:\/\/kuetoeskola.com\/#website\",\"url\":\"https:\/\/kuetoeskola.com\/\",\"name\":\"Kueto Eskola - Haur eta Lehen Hezkuntza\",\"description\":\"Herri Ikastetxea Sestaoko izen bereko auzoan kokatuta dago. D ereduko Haur eta Lehen Hezkuntzako eskola bat da.\",\"publisher\":{\"@id\":\"https:\/\/kuetoeskola.com\/#organization\"},\"alternateName\":\"Kueto Eskola - Educaci\u00f3n Infantil y Primaria\",\"potentialAction\":[{\"@type\":\"SearchAction\",\"target\":{\"@type\":\"EntryPoint\",\"urlTemplate\":\"https:\/\/kuetoeskola.com\/?s={search_term_string}\"},\"query-input\":{\"@type\":\"PropertyValueSpecification\",\"valueRequired\":true,\"valueName\":\"search_term_string\"}}],\"inLanguage\":\"es\"},{\"@type\":\"Organization\",\"@id\":\"https:\/\/kuetoeskola.com\/#organization\",\"name\":\"Kueto Eskola - Haur eta Lehen Hezkuntza\",\"alternateName\":\"Kueto Eskola - Educaci\u00f3n Infantil y Primaria\",\"url\":\"https:\/\/kuetoeskola.com\/\",\"logo\":{\"@type\":\"ImageObject\",\"inLanguage\":\"es\",\"@id\":\"https:\/\/kuetoeskola.com\/#\/schema\/logo\/image\/\",\"url\":\"https:\/\/kuetoeskola.com\/wp-content\/uploads\/2025\/05\/logo_kueto_nuevo-scaled.png\",\"contentUrl\":\"https:\/\/kuetoeskola.com\/wp-content\/uploads\/2025\/05\/logo_kueto_nuevo-scaled.png\",\"width\":2560,\"height\":935,\"caption\":\"Kueto Eskola - Haur eta Lehen Hezkuntza\"},\"image\":{\"@id\":\"https:\/\/kuetoeskola.com\/#\/schema\/logo\/image\/\"}}]}<\/script>\n<!-- \/ Yoast SEO plugin. -->","yoast_head_json":{"title":"Administraci\u00f3n - Kueto Eskola - Haur eta Lehen Hezkuntza","robots":{"index":"index","follow":"follow","max-snippet":"max-snippet:-1","max-image-preview":"max-image-preview:large","max-video-preview":"max-video-preview:-1"},"canonical":"https:\/\/kuetoeskola.com\/es\/servicios\/administracion\/","og_locale":"es_ES","og_type":"article","og_title":"Administraci\u00f3n - Kueto Eskola - Haur eta Lehen Hezkuntza","og_description":"[vc_row][vc_column][\/vc_column][\/vc_row][vc_row column_spacing=\u00bb50&#8243;][vc_column width=\u00bb3\/4&#8243;][vc_column_text css_animation=\u00bbfadeInDown\u00bb css=\u00bb.vc_custom_1626949650836{margin-top: 8px !important;}\u00bb] Administraci\u00f3n [\/vc_column_text][vc_empty_space][vc_column_text css_animation=\u00bbfadeInDown\u00bb css=\u00bb.vc_custom_1757583522498{margin-top: 9px !important;padding-top: 25px !important;padding-right: 25px !important;padding-bottom: 25px !important;padding-left: 25px !important;background-color: #ffffff !important;}\u00bb color=\u00bb#000000&#8243;] Para cualquier tr\u00e1mite administrativo os ten\u00e9is que dirigir a la Secretar\u00eda del Centro. Si no pod\u00e9is&hellip;","og_url":"https:\/\/kuetoeskola.com\/es\/servicios\/administracion\/","og_site_name":"Kueto Eskola - Haur eta Lehen Hezkuntza","article_modified_time":"2025-09-11T09:38:45+00:00","og_image":[{"width":194,"height":195,"url":"https:\/\/kuetoeskola.com\/wp-content\/uploads\/2021\/07\/ico-administra-gr.png","type":"image\/png"}],"twitter_card":"summary_large_image","twitter_misc":{"Tiempo de lectura":"2 minutos"},"schema":{"@context":"https:\/\/schema.org","@graph":[{"@type":"WebPage","@id":"https:\/\/kuetoeskola.com\/es\/servicios\/administracion\/","url":"https:\/\/kuetoeskola.com\/es\/servicios\/administracion\/","name":"Administraci\u00f3n - Kueto Eskola - Haur eta Lehen Hezkuntza","isPartOf":{"@id":"https:\/\/kuetoeskola.com\/#website"},"primaryImageOfPage":{"@id":"https:\/\/kuetoeskola.com\/es\/servicios\/administracion\/#primaryimage"},"image":{"@id":"https:\/\/kuetoeskola.com\/es\/servicios\/administracion\/#primaryimage"},"thumbnailUrl":"http:\/\/kuetoeskola.com\/wp-content\/uploads\/2021\/07\/ico-administra-gr.png","datePublished":"2021-07-07T10:14:20+00:00","dateModified":"2025-09-11T09:38:45+00:00","breadcrumb":{"@id":"https:\/\/kuetoeskola.com\/es\/servicios\/administracion\/#breadcrumb"},"inLanguage":"es","potentialAction":[{"@type":"ReadAction","target":["https:\/\/kuetoeskola.com\/es\/servicios\/administracion\/"]}]},{"@type":"ImageObject","inLanguage":"es","@id":"https:\/\/kuetoeskola.com\/es\/servicios\/administracion\/#primaryimage","url":"http:\/\/kuetoeskola.com\/wp-content\/uploads\/2021\/07\/ico-administra-gr.png","contentUrl":"http:\/\/kuetoeskola.com\/wp-content\/uploads\/2021\/07\/ico-administra-gr.png"},{"@type":"BreadcrumbList","@id":"https:\/\/kuetoeskola.com\/es\/servicios\/administracion\/#breadcrumb","itemListElement":[{"@type":"ListItem","position":1,"name":"Portada","item":"https:\/\/kuetoeskola.com\/es\/"},{"@type":"ListItem","position":2,"name":"Servicios","item":"https:\/\/kuetoeskola.com\/es\/servicios\/"},{"@type":"ListItem","position":3,"name":"Administraci\u00f3n"}]},{"@type":"WebSite","@id":"https:\/\/kuetoeskola.com\/#website","url":"https:\/\/kuetoeskola.com\/","name":"Kueto Eskola - Haur eta Lehen Hezkuntza","description":"Herri Ikastetxea Sestaoko izen bereko auzoan kokatuta dago. D ereduko Haur eta Lehen Hezkuntzako eskola bat da.","publisher":{"@id":"https:\/\/kuetoeskola.com\/#organization"},"alternateName":"Kueto Eskola - Educaci\u00f3n Infantil y Primaria","potentialAction":[{"@type":"SearchAction","target":{"@type":"EntryPoint","urlTemplate":"https:\/\/kuetoeskola.com\/?s={search_term_string}"},"query-input":{"@type":"PropertyValueSpecification","valueRequired":true,"valueName":"search_term_string"}}],"inLanguage":"es"},{"@type":"Organization","@id":"https:\/\/kuetoeskola.com\/#organization","name":"Kueto Eskola - Haur eta Lehen Hezkuntza","alternateName":"Kueto Eskola - Educaci\u00f3n Infantil y Primaria","url":"https:\/\/kuetoeskola.com\/","logo":{"@type":"ImageObject","inLanguage":"es","@id":"https:\/\/kuetoeskola.com\/#\/schema\/logo\/image\/","url":"https:\/\/kuetoeskola.com\/wp-content\/uploads\/2025\/05\/logo_kueto_nuevo-scaled.png","contentUrl":"https:\/\/kuetoeskola.com\/wp-content\/uploads\/2025\/05\/logo_kueto_nuevo-scaled.png","width":2560,"height":935,"caption":"Kueto Eskola - Haur eta Lehen Hezkuntza"},"image":{"@id":"https:\/\/kuetoeskola.com\/#\/schema\/logo\/image\/"}}]}},"_links":{"self":[{"href":"https:\/\/kuetoeskola.com\/es\/wp-json\/wp\/v2\/pages\/1495","targetHints":{"allow":["GET"]}}],"collection":[{"href":"https:\/\/kuetoeskola.com\/es\/wp-json\/wp\/v2\/pages"}],"about":[{"href":"https:\/\/kuetoeskola.com\/es\/wp-json\/wp\/v2\/types\/page"}],"author":[{"embeddable":true,"href":"https:\/\/kuetoeskola.com\/es\/wp-json\/wp\/v2\/users\/1"}],"replies":[{"embeddable":true,"href":"https:\/\/kuetoeskola.com\/es\/wp-json\/wp\/v2\/comments?post=1495"}],"version-history":[{"count":7,"href":"https:\/\/kuetoeskola.com\/es\/wp-json\/wp\/v2\/pages\/1495\/revisions"}],"predecessor-version":[{"id":5814,"href":"https:\/\/kuetoeskola.com\/es\/wp-json\/wp\/v2\/pages\/1495\/revisions\/5814"}],"up":[{"embeddable":true,"href":"https:\/\/kuetoeskola.com\/es\/wp-json\/wp\/v2\/pages\/1492"}],"wp:attachment":[{"href":"https:\/\/kuetoeskola.com\/es\/wp-json\/wp\/v2\/media?parent=1495"}],"curies":[{"name":"wp","href":"https:\/\/api.w.org\/{rel}","templated":true}]}}