{"id":1557,"date":"2021-07-13T09:47:07","date_gmt":"2021-07-13T09:47:07","guid":{"rendered":"http:\/\/kuetoeskola.com\/ige-familien-elkartea\/"},"modified":"2024-01-29T10:47:43","modified_gmt":"2024-01-29T10:47:43","slug":"ampa-asociacion-de-padres","status":"publish","type":"page","link":"https:\/\/kuetoeskola.com\/es\/ampa-asociacion-de-padres\/","title":{"rendered":"AKEISE &#8211; Asociaci\u00f3n de Madres y Padres"},"content":{"rendered":"<div class=\"wpb-content-wrapper\">[vc_row][vc_column][vc_empty_space height=\u00bb1px\u00bb][\/vc_column][\/vc_row][vc_row column_spacing=\u00bb50&#8243;][vc_column][vc_column_text css_animation=\u00bbfadeInDown\u00bb css=\u00bb.vc_custom_1706525254879{margin-top: 8px !important;}\u00bb font_size=\u00bbd:40px|tl:40px|tp:40px|pl:23px|pp:23px\u00bb]\n<h4 style=\"font-family: desyrelregular; font-weight: 400; text-align: left;\"><img loading=\"lazy\" decoding=\"async\" class=\"alignleft wp-image-164\" style=\"margin: -10px 10px 10px 0;\" src=\"http:\/\/kuetoeskola.com\/wp-content\/uploads\/2021\/06\/ico-ige-color.png\" alt=\"\" width=\"60\" height=\"55\" \/><span style=\"letter-spacing: 0px;\">AKEISE &#8211; Asociaci\u00f3n de Madres y Padres<\/span><\/h4>\n[\/vc_column_text][vc_empty_space]<div class=\"vc_custom_1706525011292 wpb_animate_when_almost_visible wpb_fadeInDown fadeInDown wpex-clr\"><div class=\"textcenter theme-button-wrap wpex-clr\"><a href=\"mailto:kuetogurasoelkartea@hotmail.com\" class=\"vcex-button theme-button align-center wpex-mb-0 inline\" style=\"background:#67b5cd;color:#ffffff;font-weight:600;\" data-wpex-hover='{&quot;background&quot;:&quot;#089ecc&quot;,&quot;color&quot;:&quot;#ffffff&quot;}' data-wpex-rcss='{&quot;font-size&quot;:{&quot;d&quot;:&quot;18px&quot;,&quot;tl&quot;:&quot;18px&quot;,&quot;tp&quot;:&quot;18px&quot;,&quot;pl&quot;:&quot;16px&quot;,&quot;pp&quot;:&quot;16px&quot;}}'><span class=\"theme-button-inner\"><span class=\"vcex-icon-wrap theme-button-icon-left\" style=\"padding-right:5px;\"><span class=\"ticon ticon-envelope\" aria-hidden=\"true\"><\/span><\/span>E-mail: kuetogurasoelkartea@gmail.com<\/span><\/a><\/div><\/div> [vc_column_text css_animation=\u00bbfadeInDown\u00bb css=\u00bb.vc_custom_1706523732225{margin-top: 0px !important;padding-top: 25px !important;padding-right: 25px !important;padding-bottom: 25px !important;padding-left: 25px !important;background-color: #ffffff !important;}\u00bb color=\u00bb#000000&#8243;]\n<p style=\"text-align: justify;\">La escuela p\u00fablica Kueto ha contado desde sus inicios con la Asociaci\u00f3n de Madres y Padres (AKEISE). Entre sus actividades podemos destacar:<\/p>\n<ul style=\"text-align: justify;\">\n<li style=\"text-align: justify;\">Gesti\u00f3n de ayudas para llevar a cabo extraescolares, excursiones del alumnado, salidas did\u00e1cticas y fiesta de Olentzero, carnavales, fiesta fin de curso&#8230;<\/li>\n<li style=\"text-align: justify;\">Participaci\u00f3n en el Consejo Escolar acercando las preocupaciones y las sugerencias del colectivo de padres y madres del centro.<\/li>\n<li style=\"text-align: justify;\">Organizaci\u00f3n de las actividades extraescolares (cobro de cuotas y gesti\u00f3n de pagos a los monitores)<\/li>\n<\/ul>\n<p style=\"text-align: justify;\">Si quieres formar parte de la asociaci\u00f3n o quieres hacernos cualquier consulta, llama al n\u00famero de la escuela, cont\u00e1ctanos v\u00eda whatsapp o bien a trav\u00e9s de nuestro correo electr\u00f3nico:<\/p>\n<ul style=\"text-align: justify;\">\n<li style=\"text-align: justify;\">Tel\u00e9fono: 94 495 40 76<\/li>\n<li>Whatsapp: 644 171 483<\/li>\n<li style=\"text-align: justify;\">kuetogurasoelkartea@gmail.com<\/li>\n<\/ul>\n<p style=\"text-align: justify;\">Y para conocernos mejor, puedes visitar nuestro blog:<\/p>\n[\/vc_column_text][vc_row_inner css=\u00bb.vc_custom_1626954619970{margin-top: 0px !important;padding-top: 0px !important;padding-right: 10px !important;padding-bottom: 0px !important;padding-left: 10px !important;background-color: #ffffff !important;}\u00bb][vc_column_inner css=\u00bb.vc_custom_1626954701712{margin-bottom: 0px !important;padding-bottom: 0px !important;}\u00bb]<div class=\"ult-animation  ult-animate-viewport  ult-no-mobile \" data-animate=\"fadeInDown\" data-animation-delay=\"0\" data-animation-duration=\"1\" data-animation-iteration=\"1\" style=\"opacity:0;\" data-opacity_start_effect=\"\"><div class=\"uavc-list-icon uavc-list-icon-wrapper ult-adjust-bottom-margin   \"><ul class=\"uavc-list\"><li><div class=\"uavc-list-content\" id=\"list-icon-wrap-3318\">\n<div class=\"uavc-list-icon  \" data-animation=\"\" data-animation-delay=\"03\" style=\"margin-right:5px;\"><div class=\"ult-just-icon-wrapper  \"><div class=\"align-icon\" style=\"text-align:center;\">\n<div class=\"aio-icon none \"  style=\"color:#faa434;font-size:25px;display:inline-block;\">\n\t<i class=\"Defaults-external-link\"><\/i>\n<\/div><\/div><\/div>\n<\/div><span  data-ultimate-target='#list-icon-wrap-3318 .uavc-list-desc'  data-responsive-json-new='{\"font-size\":\"desktop:19px;\",\"line-height\":\"\"}'  class=\"uavc-list-desc ult-responsive\" style=\"font-family:&#039;Roboto Condensed&#039;;font-weight:700;\"><a href=\"http:\/\/kuetoge.blogspot.com\/p\/contacto.html\" target=\"_blank\" rel=\"noopener noreferrer\">Kueto Guraso Elkartea<\/a><\/span><\/div><\/li><\/ul><\/div><\/div>[\/vc_column_inner][\/vc_row_inner][\/vc_column][\/vc_row]\n<\/div>","protected":false},"excerpt":{"rendered":"<p>[vc_row][vc_column][vc_empty_space height=\u00bb1px\u00bb][\/vc_column][\/vc_row][vc_row column_spacing=\u00bb50&#8243;][vc_column][vc_column_text css_animation=\u00bbfadeInDown\u00bb css=\u00bb.vc_custom_1706525254879{margin-top: 8px !important;}\u00bb font_size=\u00bbd:40px|tl:40px|tp:40px|pl:23px|pp:23px\u00bb] AKEISE &#8211; Asociaci\u00f3n de Madres y Padres [\/vc_column_text][vc_empty_space][vc_column_text css_animation=\u00bbfadeInDown\u00bb css=\u00bb.vc_custom_1706523732225{margin-top: 0px !important;padding-top: 25px !important;padding-right: 25px !important;padding-bottom: 25px !important;padding-left: 25px !important;background-color: #ffffff !important;}\u00bb color=\u00bb#000000&#8243;] La escuela p\u00fablica Kueto ha contado desde sus inicios&hellip;<\/p>\n","protected":false},"author":1,"featured_media":0,"parent":0,"menu_order":0,"comment_status":"closed","ping_status":"closed","template":"","meta":{"_acf_changed":false,"footnotes":""},"class_list":["post-1557","page","type-page","status-publish","hentry","entry","no-media"],"acf":[],"yoast_head":"<!-- This site is optimized with the Yoast SEO plugin v27.1.1 - https:\/\/yoast.com\/product\/yoast-seo-wordpress\/ -->\n<title>AKEISE - Asociaci\u00f3n de Madres y Padres - Kueto Eskola - Haur eta Lehen Hezkuntza<\/title>\n<meta name=\"robots\" content=\"index, follow, max-snippet:-1, max-image-preview:large, max-video-preview:-1\" \/>\n<link rel=\"canonical\" href=\"https:\/\/kuetoeskola.com\/es\/ampa-asociacion-de-padres\/\" \/>\n<meta property=\"og:locale\" content=\"es_ES\" \/>\n<meta property=\"og:type\" content=\"article\" \/>\n<meta property=\"og:title\" content=\"AKEISE - Asociaci\u00f3n de Madres y Padres - Kueto Eskola - Haur eta Lehen Hezkuntza\" \/>\n<meta property=\"og:description\" content=\"[vc_row][vc_column][vc_empty_space height=\u00bb1px\u00bb][\/vc_column][\/vc_row][vc_row column_spacing=\u00bb50&#8243;][vc_column][vc_column_text css_animation=\u00bbfadeInDown\u00bb css=\u00bb.vc_custom_1706525254879{margin-top: 8px !important;}\u00bb font_size=\u00bbd:40px|tl:40px|tp:40px|pl:23px|pp:23px\u00bb] AKEISE &#8211; Asociaci\u00f3n de Madres y Padres [\/vc_column_text][vc_empty_space][vc_column_text css_animation=\u00bbfadeInDown\u00bb css=\u00bb.vc_custom_1706523732225{margin-top: 0px !important;padding-top: 25px !important;padding-right: 25px !important;padding-bottom: 25px !important;padding-left: 25px !important;background-color: #ffffff !important;}\u00bb color=\u00bb#000000&#8243;] La escuela p\u00fablica Kueto ha contado desde sus inicios&hellip;\" \/>\n<meta property=\"og:url\" content=\"https:\/\/kuetoeskola.com\/es\/ampa-asociacion-de-padres\/\" \/>\n<meta property=\"og:site_name\" content=\"Kueto Eskola - Haur eta Lehen Hezkuntza\" \/>\n<meta property=\"article:modified_time\" content=\"2024-01-29T10:47:43+00:00\" \/>\n<meta property=\"og:image\" content=\"http:\/\/kuetoeskola.com\/wp-content\/uploads\/2021\/06\/ico-ige-color.png\" \/>\n<meta name=\"twitter:card\" content=\"summary_large_image\" \/>\n<meta name=\"twitter:label1\" content=\"Tiempo de lectura\" \/>\n\t<meta name=\"twitter:data1\" content=\"2 minutos\" \/>\n<script type=\"application\/ld+json\" class=\"yoast-schema-graph\">{\"@context\":\"https:\/\/schema.org\",\"@graph\":[{\"@type\":\"WebPage\",\"@id\":\"https:\/\/kuetoeskola.com\/es\/ampa-asociacion-de-padres\/\",\"url\":\"https:\/\/kuetoeskola.com\/es\/ampa-asociacion-de-padres\/\",\"name\":\"AKEISE - Asociaci\u00f3n de Madres y Padres - Kueto Eskola - Haur eta Lehen Hezkuntza\",\"isPartOf\":{\"@id\":\"https:\/\/kuetoeskola.com\/#website\"},\"primaryImageOfPage\":{\"@id\":\"https:\/\/kuetoeskola.com\/es\/ampa-asociacion-de-padres\/#primaryimage\"},\"image\":{\"@id\":\"https:\/\/kuetoeskola.com\/es\/ampa-asociacion-de-padres\/#primaryimage\"},\"thumbnailUrl\":\"http:\/\/kuetoeskola.com\/wp-content\/uploads\/2021\/06\/ico-ige-color.png\",\"datePublished\":\"2021-07-13T09:47:07+00:00\",\"dateModified\":\"2024-01-29T10:47:43+00:00\",\"breadcrumb\":{\"@id\":\"https:\/\/kuetoeskola.com\/es\/ampa-asociacion-de-padres\/#breadcrumb\"},\"inLanguage\":\"es\",\"potentialAction\":[{\"@type\":\"ReadAction\",\"target\":[\"https:\/\/kuetoeskola.com\/es\/ampa-asociacion-de-padres\/\"]}]},{\"@type\":\"ImageObject\",\"inLanguage\":\"es\",\"@id\":\"https:\/\/kuetoeskola.com\/es\/ampa-asociacion-de-padres\/#primaryimage\",\"url\":\"http:\/\/kuetoeskola.com\/wp-content\/uploads\/2021\/06\/ico-ige-color.png\",\"contentUrl\":\"http:\/\/kuetoeskola.com\/wp-content\/uploads\/2021\/06\/ico-ige-color.png\"},{\"@type\":\"BreadcrumbList\",\"@id\":\"https:\/\/kuetoeskola.com\/es\/ampa-asociacion-de-padres\/#breadcrumb\",\"itemListElement\":[{\"@type\":\"ListItem\",\"position\":1,\"name\":\"Portada\",\"item\":\"https:\/\/kuetoeskola.com\/es\/\"},{\"@type\":\"ListItem\",\"position\":2,\"name\":\"AKEISE &#8211; Asociaci\u00f3n de Madres y Padres\"}]},{\"@type\":\"WebSite\",\"@id\":\"https:\/\/kuetoeskola.com\/#website\",\"url\":\"https:\/\/kuetoeskola.com\/\",\"name\":\"Kueto Eskola - Haur eta Lehen Hezkuntza\",\"description\":\"Herri Ikastetxea Sestaoko izen bereko auzoan kokatuta dago. D ereduko Haur eta Lehen Hezkuntzako eskola bat da.\",\"publisher\":{\"@id\":\"https:\/\/kuetoeskola.com\/#organization\"},\"alternateName\":\"Kueto Eskola - Educaci\u00f3n Infantil y Primaria\",\"potentialAction\":[{\"@type\":\"SearchAction\",\"target\":{\"@type\":\"EntryPoint\",\"urlTemplate\":\"https:\/\/kuetoeskola.com\/?s={search_term_string}\"},\"query-input\":{\"@type\":\"PropertyValueSpecification\",\"valueRequired\":true,\"valueName\":\"search_term_string\"}}],\"inLanguage\":\"es\"},{\"@type\":\"Organization\",\"@id\":\"https:\/\/kuetoeskola.com\/#organization\",\"name\":\"Kueto Eskola - Haur eta Lehen Hezkuntza\",\"alternateName\":\"Kueto Eskola - Educaci\u00f3n Infantil y Primaria\",\"url\":\"https:\/\/kuetoeskola.com\/\",\"logo\":{\"@type\":\"ImageObject\",\"inLanguage\":\"es\",\"@id\":\"https:\/\/kuetoeskola.com\/#\/schema\/logo\/image\/\",\"url\":\"https:\/\/kuetoeskola.com\/wp-content\/uploads\/2025\/05\/logo_kueto_nuevo-scaled.png\",\"contentUrl\":\"https:\/\/kuetoeskola.com\/wp-content\/uploads\/2025\/05\/logo_kueto_nuevo-scaled.png\",\"width\":2560,\"height\":935,\"caption\":\"Kueto Eskola - Haur eta Lehen Hezkuntza\"},\"image\":{\"@id\":\"https:\/\/kuetoeskola.com\/#\/schema\/logo\/image\/\"}}]}<\/script>\n<!-- \/ Yoast SEO plugin. -->","yoast_head_json":{"title":"AKEISE - Asociaci\u00f3n de Madres y Padres - Kueto Eskola - Haur eta Lehen Hezkuntza","robots":{"index":"index","follow":"follow","max-snippet":"max-snippet:-1","max-image-preview":"max-image-preview:large","max-video-preview":"max-video-preview:-1"},"canonical":"https:\/\/kuetoeskola.com\/es\/ampa-asociacion-de-padres\/","og_locale":"es_ES","og_type":"article","og_title":"AKEISE - Asociaci\u00f3n de Madres y Padres - Kueto Eskola - Haur eta Lehen Hezkuntza","og_description":"[vc_row][vc_column][vc_empty_space height=\u00bb1px\u00bb][\/vc_column][\/vc_row][vc_row column_spacing=\u00bb50&#8243;][vc_column][vc_column_text css_animation=\u00bbfadeInDown\u00bb css=\u00bb.vc_custom_1706525254879{margin-top: 8px !important;}\u00bb font_size=\u00bbd:40px|tl:40px|tp:40px|pl:23px|pp:23px\u00bb] AKEISE &#8211; Asociaci\u00f3n de Madres y Padres [\/vc_column_text][vc_empty_space][vc_column_text css_animation=\u00bbfadeInDown\u00bb css=\u00bb.vc_custom_1706523732225{margin-top: 0px !important;padding-top: 25px !important;padding-right: 25px !important;padding-bottom: 25px !important;padding-left: 25px !important;background-color: #ffffff !important;}\u00bb color=\u00bb#000000&#8243;] La escuela p\u00fablica Kueto ha contado desde sus inicios&hellip;","og_url":"https:\/\/kuetoeskola.com\/es\/ampa-asociacion-de-padres\/","og_site_name":"Kueto Eskola - Haur eta Lehen Hezkuntza","article_modified_time":"2024-01-29T10:47:43+00:00","og_image":[{"url":"http:\/\/kuetoeskola.com\/wp-content\/uploads\/2021\/06\/ico-ige-color.png","type":"","width":"","height":""}],"twitter_card":"summary_large_image","twitter_misc":{"Tiempo de lectura":"2 minutos"},"schema":{"@context":"https:\/\/schema.org","@graph":[{"@type":"WebPage","@id":"https:\/\/kuetoeskola.com\/es\/ampa-asociacion-de-padres\/","url":"https:\/\/kuetoeskola.com\/es\/ampa-asociacion-de-padres\/","name":"AKEISE - Asociaci\u00f3n de Madres y Padres - Kueto Eskola - Haur eta Lehen Hezkuntza","isPartOf":{"@id":"https:\/\/kuetoeskola.com\/#website"},"primaryImageOfPage":{"@id":"https:\/\/kuetoeskola.com\/es\/ampa-asociacion-de-padres\/#primaryimage"},"image":{"@id":"https:\/\/kuetoeskola.com\/es\/ampa-asociacion-de-padres\/#primaryimage"},"thumbnailUrl":"http:\/\/kuetoeskola.com\/wp-content\/uploads\/2021\/06\/ico-ige-color.png","datePublished":"2021-07-13T09:47:07+00:00","dateModified":"2024-01-29T10:47:43+00:00","breadcrumb":{"@id":"https:\/\/kuetoeskola.com\/es\/ampa-asociacion-de-padres\/#breadcrumb"},"inLanguage":"es","potentialAction":[{"@type":"ReadAction","target":["https:\/\/kuetoeskola.com\/es\/ampa-asociacion-de-padres\/"]}]},{"@type":"ImageObject","inLanguage":"es","@id":"https:\/\/kuetoeskola.com\/es\/ampa-asociacion-de-padres\/#primaryimage","url":"http:\/\/kuetoeskola.com\/wp-content\/uploads\/2021\/06\/ico-ige-color.png","contentUrl":"http:\/\/kuetoeskola.com\/wp-content\/uploads\/2021\/06\/ico-ige-color.png"},{"@type":"BreadcrumbList","@id":"https:\/\/kuetoeskola.com\/es\/ampa-asociacion-de-padres\/#breadcrumb","itemListElement":[{"@type":"ListItem","position":1,"name":"Portada","item":"https:\/\/kuetoeskola.com\/es\/"},{"@type":"ListItem","position":2,"name":"AKEISE &#8211; Asociaci\u00f3n de Madres y Padres"}]},{"@type":"WebSite","@id":"https:\/\/kuetoeskola.com\/#website","url":"https:\/\/kuetoeskola.com\/","name":"Kueto Eskola - Haur eta Lehen Hezkuntza","description":"Herri Ikastetxea Sestaoko izen bereko auzoan kokatuta dago. D ereduko Haur eta Lehen Hezkuntzako eskola bat da.","publisher":{"@id":"https:\/\/kuetoeskola.com\/#organization"},"alternateName":"Kueto Eskola - Educaci\u00f3n Infantil y Primaria","potentialAction":[{"@type":"SearchAction","target":{"@type":"EntryPoint","urlTemplate":"https:\/\/kuetoeskola.com\/?s={search_term_string}"},"query-input":{"@type":"PropertyValueSpecification","valueRequired":true,"valueName":"search_term_string"}}],"inLanguage":"es"},{"@type":"Organization","@id":"https:\/\/kuetoeskola.com\/#organization","name":"Kueto Eskola - Haur eta Lehen Hezkuntza","alternateName":"Kueto Eskola - Educaci\u00f3n Infantil y Primaria","url":"https:\/\/kuetoeskola.com\/","logo":{"@type":"ImageObject","inLanguage":"es","@id":"https:\/\/kuetoeskola.com\/#\/schema\/logo\/image\/","url":"https:\/\/kuetoeskola.com\/wp-content\/uploads\/2025\/05\/logo_kueto_nuevo-scaled.png","contentUrl":"https:\/\/kuetoeskola.com\/wp-content\/uploads\/2025\/05\/logo_kueto_nuevo-scaled.png","width":2560,"height":935,"caption":"Kueto Eskola - Haur eta Lehen Hezkuntza"},"image":{"@id":"https:\/\/kuetoeskola.com\/#\/schema\/logo\/image\/"}}]}},"_links":{"self":[{"href":"https:\/\/kuetoeskola.com\/es\/wp-json\/wp\/v2\/pages\/1557","targetHints":{"allow":["GET"]}}],"collection":[{"href":"https:\/\/kuetoeskola.com\/es\/wp-json\/wp\/v2\/pages"}],"about":[{"href":"https:\/\/kuetoeskola.com\/es\/wp-json\/wp\/v2\/types\/page"}],"author":[{"embeddable":true,"href":"https:\/\/kuetoeskola.com\/es\/wp-json\/wp\/v2\/users\/1"}],"replies":[{"embeddable":true,"href":"https:\/\/kuetoeskola.com\/es\/wp-json\/wp\/v2\/comments?post=1557"}],"version-history":[{"count":15,"href":"https:\/\/kuetoeskola.com\/es\/wp-json\/wp\/v2\/pages\/1557\/revisions"}],"predecessor-version":[{"id":3968,"href":"https:\/\/kuetoeskola.com\/es\/wp-json\/wp\/v2\/pages\/1557\/revisions\/3968"}],"wp:attachment":[{"href":"https:\/\/kuetoeskola.com\/es\/wp-json\/wp\/v2\/media?parent=1557"}],"curies":[{"name":"wp","href":"https:\/\/api.w.org\/{rel}","templated":true}]}}